{"id":18969,"date":"2021-10-06T18:05:36","date_gmt":"2021-10-06T16:05:36","guid":{"rendered":"https:\/\/welterbecard.de\/?post_type=product&#038;p=18969"},"modified":"2025-08-12T07:58:11","modified_gmt":"2025-08-12T05:58:11","slug":"24-stunden-welterbecard-digital","status":"publish","type":"product","link":"https:\/\/welterbecard.de\/en\/produkt\/24-stunden-welterbecard-digital\/","title":{"rendered":"Digitale 24 Stunden WelterbeCard"},"content":{"rendered":"<p>Zu Ihrer Karte erhalten Sie einen Reisef\u00fchrer. In diesem finden Sie ausf\u00fchrliche Informationen zu allen Leistungen, die Sie mit der WelterbeCard nutzen k\u00f6nnen. Sie erfahren auch mehr \u00fcber die St\u00e4dte in der WelterbeRegion und erhalten viele wertvolle Tipps f\u00fcr Ihren Aufenthalt.<\/p>\n<p><a href=\"https:\/\/www.flipbookpdf.net\/web\/site\/141b01037d7f56a648c920649f0dd2c098b7df24FBP25160094.pdf.html#page\/1\" target=\"_blank\" rel=\"noopener\">Reisef\u00fchrer herunterladen<\/a><\/p>\n","protected":false},"excerpt":{"rendered":"<p>Mit der digitalen 24 Stunden WelterbeCard erhalten Erwachsene und Kinder kostenfreien Eintritt oder Rabatte in \u00fcber 130 touristischen Attraktionen aus Kunst, Kultur, Natur und Freizeit in der WelterbeRegion Anhalt-Dessau-Wittenberg \u2013 darunter 19 Standorte unserer vier UNESCO-Welterbest\u00e4tten. Dadurch k\u00f6nnen Sie bares Geld sparen.<\/p>\n<p>Die 24 Stunden-Card erhalten Sie per eMail als QR-Code und sie ist ab der ersten Inanspruchnahme einer Leistung f\u00fcr 24 Stunden g\u00fcltig.<\/p>\n<p>Zudem erhalten Sie einen PIN-Code, mit dem Sie die WelterbeCard App unter meine.welterbecard.de nutzen k\u00f6nnen.<\/p>\n<p>Bitte beachten Sie auch unsere <a href=\"https:\/\/welterbecard.de\/agb\/\">AGB.<\/a><\/p>\n<p>&nbsp;<\/p>\n","protected":false},"featured_media":27178,"template":"","meta":{"site-sidebar-layout":"default","site-content-layout":"content-boxed-container","ast-site-content-layout":"normal-width-container","site-content-style":"boxed","site-sidebar-style":"unboxed","ast-global-header-display":"","ast-banner-title-visibility":"","ast-main-header-display":"","ast-hfb-above-header-display":"","ast-hfb-below-header-display":"","ast-hfb-mobile-header-display":"","site-post-title":"","ast-breadcrumbs-content":"","ast-featured-img":"","footer-sml-layout":"","ast-disable-related-posts":"","theme-transparent-header-meta":"default","adv-header-id-meta":"","stick-header-meta":"default","header-above-stick-meta":"","header-main-stick-meta":"","header-below-stick-meta":"","astra-migrate-meta-layouts":"set","ast-page-background-enabled":"default","ast-page-background-meta":{"desktop":{"background-color":"","background-image":"","background-repeat":"repeat","background-position":"center center","background-size":"auto","background-attachment":"scroll","background-type":"","background-media":"","overlay-type":"","overlay-color":"","overlay-opacity":"","overlay-gradient":""},"tablet":{"background-color":"","background-image":"","background-repeat":"repeat","background-position":"center center","background-size":"auto","background-attachment":"scroll","background-type":"","background-media":"","overlay-type":"","overlay-color":"","overlay-opacity":"","overlay-gradient":""},"mobile":{"background-color":"","background-image":"","background-repeat":"repeat","background-position":"center center","background-size":"auto","background-attachment":"scroll","background-type":"","background-media":"","overlay-type":"","overlay-color":"","overlay-opacity":"","overlay-gradient":""}},"ast-content-background-meta":{"desktop":{"background-color":"var(--ast-global-color-5)","background-image":"","background-repeat":"repeat","background-position":"center center","background-size":"auto","background-attachment":"scroll","background-type":"","background-media":"","overlay-type":"","overlay-color":"","overlay-opacity":"","overlay-gradient":""},"tablet":{"background-color":"var(--ast-global-color-5)","background-image":"","background-repeat":"repeat","background-position":"center center","background-size":"auto","background-attachment":"scroll","background-type":"","background-media":"","overlay-type":"","overlay-color":"","overlay-opacity":"","overlay-gradient":""},"mobile":{"background-color":"var(--ast-global-color-5)","background-image":"","background-repeat":"repeat","background-position":"center center","background-size":"auto","background-attachment":"scroll","background-type":"","background-media":"","overlay-type":"","overlay-color":"","overlay-opacity":"","overlay-gradient":""}}},"product_brand":[],"product_cat":[110,27],"product_tag":[],"class_list":{"0":"post-18969","1":"product","2":"type-product","3":"status-publish","4":"has-post-thumbnail","6":"product_cat-digital","7":"product_cat-normaltarif","8":"desktop-align-left","9":"tablet-align-left","10":"mobile-align-left","11":"ast-product-gallery-layout-horizontal-slider","12":"ast-product-gallery-with-no-image","13":"ast-magnify-disabled","14":"ast-product-single-variable","15":"ast-product-tabs-layout-horizontal","17":"first","18":"instock","19":"purchasable","20":"product-type-variable"},"yoast_head":"<!-- This site is optimized with the Yoast SEO plugin v27.3 - https:\/\/yoast.com\/product\/yoast-seo-wordpress\/ -->\n<title>Digitale 24 Stunden WelterbeCard - WelterbeCard - Anhalt-Dessau-Wittenberg<\/title>\n<meta name=\"robots\" content=\"index, follow, max-snippet:-1, max-image-preview:large, max-video-preview:-1\" \/>\n<link rel=\"canonical\" href=\"https:\/\/welterbecard.de\/produkt\/24-stunden-welterbecard-digital\/\" \/>\n<meta property=\"og:locale\" content=\"en_US\" \/>\n<meta property=\"og:type\" content=\"article\" \/>\n<meta property=\"og:title\" content=\"Digitale 24 Stunden WelterbeCard - WelterbeCard - Anhalt-Dessau-Wittenberg\" \/>\n<meta property=\"og:description\" content=\"Mit der digitalen 24 Stunden WelterbeCard erhalten Erwachsene und Kinder kostenfreien Eintritt oder Rabatte in \u00fcber 130 touristischen Attraktionen aus Kunst, Kultur, Natur und Freizeit in der WelterbeRegion Anhalt-Dessau-Wittenberg \u2013 darunter 19 Standorte unserer vier UNESCO-Welterbest\u00e4tten. Dadurch k\u00f6nnen Sie bares Geld sparen.  Die 24 Stunden-Card erhalten Sie per eMail als QR-Code und sie ist ab der ersten Inanspruchnahme einer Leistung f\u00fcr 24 Stunden g\u00fcltig.  Zudem erhalten Sie einen PIN-Code, mit dem Sie die WelterbeCard App unter meine.welterbecard.de nutzen k\u00f6nnen.  Bitte beachten Sie auch unsere AGB.  &nbsp;\" \/>\n<meta property=\"og:url\" content=\"https:\/\/welterbecard.de\/produkt\/24-stunden-welterbecard-digital\/\" \/>\n<meta property=\"og:site_name\" content=\"WelterbeCard - Anhalt-Dessau-Wittenberg\" \/>\n<meta property=\"article:modified_time\" content=\"2025-08-12T05:58:11+00:00\" \/>\n<meta property=\"og:image\" content=\"https:\/\/welterbecard.de\/wp-content\/uploads\/2019\/11\/WelterbeCard-24-Stunden-Card-Erwachsener-und-Kind.png\" \/>\n\t<meta property=\"og:image:width\" content=\"1400\" \/>\n\t<meta property=\"og:image:height\" content=\"1300\" \/>\n\t<meta property=\"og:image:type\" content=\"image\/png\" \/>\n<meta name=\"twitter:card\" content=\"summary_large_image\" \/>\n<meta name=\"twitter:label1\" content=\"Est. reading time\" \/>\n\t<meta name=\"twitter:data1\" content=\"1 minute\" \/>\n<script type=\"application\/ld+json\" class=\"yoast-schema-graph\">{\"@context\":\"https:\\\/\\\/schema.org\",\"@graph\":[{\"@type\":\"WebPage\",\"@id\":\"https:\\\/\\\/welterbecard.de\\\/produkt\\\/24-stunden-welterbecard-digital\\\/\",\"url\":\"https:\\\/\\\/welterbecard.de\\\/produkt\\\/24-stunden-welterbecard-digital\\\/\",\"name\":\"Digitale 24 Stunden WelterbeCard - WelterbeCard - Anhalt-Dessau-Wittenberg\",\"isPartOf\":{\"@id\":\"https:\\\/\\\/welterbecard.de\\\/#website\"},\"primaryImageOfPage\":{\"@id\":\"https:\\\/\\\/welterbecard.de\\\/produkt\\\/24-stunden-welterbecard-digital\\\/#primaryimage\"},\"image\":{\"@id\":\"https:\\\/\\\/welterbecard.de\\\/produkt\\\/24-stunden-welterbecard-digital\\\/#primaryimage\"},\"thumbnailUrl\":\"https:\\\/\\\/welterbecard.de\\\/wp-content\\\/uploads\\\/2019\\\/11\\\/WelterbeCard-24-Stunden-Card-Erwachsener-und-Kind.png\",\"datePublished\":\"2021-10-06T16:05:36+00:00\",\"dateModified\":\"2025-08-12T05:58:11+00:00\",\"breadcrumb\":{\"@id\":\"https:\\\/\\\/welterbecard.de\\\/produkt\\\/24-stunden-welterbecard-digital\\\/#breadcrumb\"},\"inLanguage\":\"en-US\",\"potentialAction\":[{\"@type\":\"ReadAction\",\"target\":[\"https:\\\/\\\/welterbecard.de\\\/produkt\\\/24-stunden-welterbecard-digital\\\/\"]}]},{\"@type\":\"ImageObject\",\"inLanguage\":\"en-US\",\"@id\":\"https:\\\/\\\/welterbecard.de\\\/produkt\\\/24-stunden-welterbecard-digital\\\/#primaryimage\",\"url\":\"https:\\\/\\\/welterbecard.de\\\/wp-content\\\/uploads\\\/2019\\\/11\\\/WelterbeCard-24-Stunden-Card-Erwachsener-und-Kind.png\",\"contentUrl\":\"https:\\\/\\\/welterbecard.de\\\/wp-content\\\/uploads\\\/2019\\\/11\\\/WelterbeCard-24-Stunden-Card-Erwachsener-und-Kind.png\",\"width\":1400,\"height\":1300,\"caption\":\"WelterbeCard, 24-Stunden-Card Erwachsener und Kind\"},{\"@type\":\"BreadcrumbList\",\"@id\":\"https:\\\/\\\/welterbecard.de\\\/produkt\\\/24-stunden-welterbecard-digital\\\/#breadcrumb\",\"itemListElement\":[{\"@type\":\"ListItem\",\"position\":1,\"name\":\"Startseite\",\"item\":\"https:\\\/\\\/welterbecard.de\\\/\"},{\"@type\":\"ListItem\",\"position\":2,\"name\":\"Shop\",\"item\":\"https:\\\/\\\/welterbecard.de\\\/shop\\\/\"},{\"@type\":\"ListItem\",\"position\":3,\"name\":\"Digitale 24 Stunden WelterbeCard\"}]},{\"@type\":\"WebSite\",\"@id\":\"https:\\\/\\\/welterbecard.de\\\/#website\",\"url\":\"https:\\\/\\\/welterbecard.de\\\/\",\"name\":\"WelterbeCard - Anhalt-Dessau-Wittenberg\",\"description\":\"Mit G\u00e4stekarte eine ganze Region entdecken\",\"publisher\":{\"@id\":\"https:\\\/\\\/welterbecard.de\\\/#organization\"},\"potentialAction\":[{\"@type\":\"SearchAction\",\"target\":{\"@type\":\"EntryPoint\",\"urlTemplate\":\"https:\\\/\\\/welterbecard.de\\\/?s={search_term_string}\"},\"query-input\":{\"@type\":\"PropertyValueSpecification\",\"valueRequired\":true,\"valueName\":\"search_term_string\"}}],\"inLanguage\":\"en-US\"},{\"@type\":\"Organization\",\"@id\":\"https:\\\/\\\/welterbecard.de\\\/#organization\",\"name\":\"WelterbeCard - Anhalt-Dessau-Wittenberg\",\"url\":\"https:\\\/\\\/welterbecard.de\\\/\",\"logo\":{\"@type\":\"ImageObject\",\"inLanguage\":\"en-US\",\"@id\":\"https:\\\/\\\/welterbecard.de\\\/#\\\/schema\\\/logo\\\/image\\\/\",\"url\":\"https:\\\/\\\/welterbecard.de\\\/wp-content\\\/uploads\\\/2021\\\/02\\\/welterberegion-logo.svg\",\"contentUrl\":\"https:\\\/\\\/welterbecard.de\\\/wp-content\\\/uploads\\\/2021\\\/02\\\/welterberegion-logo.svg\",\"width\":408,\"height\":149,\"caption\":\"WelterbeCard - Anhalt-Dessau-Wittenberg\"},\"image\":{\"@id\":\"https:\\\/\\\/welterbecard.de\\\/#\\\/schema\\\/logo\\\/image\\\/\"}}]}<\/script>\n<!-- \/ Yoast SEO plugin. -->","yoast_head_json":{"title":"Digitale 24 Stunden WelterbeCard - WelterbeCard - Anhalt-Dessau-Wittenberg","robots":{"index":"index","follow":"follow","max-snippet":"max-snippet:-1","max-image-preview":"max-image-preview:large","max-video-preview":"max-video-preview:-1"},"canonical":"https:\/\/welterbecard.de\/produkt\/24-stunden-welterbecard-digital\/","og_locale":"en_US","og_type":"article","og_title":"Digitale 24 Stunden WelterbeCard - WelterbeCard - Anhalt-Dessau-Wittenberg","og_description":"Mit der digitalen 24 Stunden WelterbeCard erhalten Erwachsene und Kinder kostenfreien Eintritt oder Rabatte in \u00fcber 130 touristischen Attraktionen aus Kunst, Kultur, Natur und Freizeit in der WelterbeRegion Anhalt-Dessau-Wittenberg \u2013 darunter 19 Standorte unserer vier UNESCO-Welterbest\u00e4tten. Dadurch k\u00f6nnen Sie bares Geld sparen.  Die 24 Stunden-Card erhalten Sie per eMail als QR-Code und sie ist ab der ersten Inanspruchnahme einer Leistung f\u00fcr 24 Stunden g\u00fcltig.  Zudem erhalten Sie einen PIN-Code, mit dem Sie die WelterbeCard App unter meine.welterbecard.de nutzen k\u00f6nnen.  Bitte beachten Sie auch unsere AGB.  &nbsp;","og_url":"https:\/\/welterbecard.de\/produkt\/24-stunden-welterbecard-digital\/","og_site_name":"WelterbeCard - Anhalt-Dessau-Wittenberg","article_modified_time":"2025-08-12T05:58:11+00:00","og_image":[{"width":1400,"height":1300,"url":"https:\/\/welterbecard.de\/wp-content\/uploads\/2019\/11\/WelterbeCard-24-Stunden-Card-Erwachsener-und-Kind.png","type":"image\/png"}],"twitter_card":"summary_large_image","twitter_misc":{"Est. reading time":"1 minute"},"schema":{"@context":"https:\/\/schema.org","@graph":[{"@type":"WebPage","@id":"https:\/\/welterbecard.de\/produkt\/24-stunden-welterbecard-digital\/","url":"https:\/\/welterbecard.de\/produkt\/24-stunden-welterbecard-digital\/","name":"Digitale 24 Stunden WelterbeCard - WelterbeCard - Anhalt-Dessau-Wittenberg","isPartOf":{"@id":"https:\/\/welterbecard.de\/#website"},"primaryImageOfPage":{"@id":"https:\/\/welterbecard.de\/produkt\/24-stunden-welterbecard-digital\/#primaryimage"},"image":{"@id":"https:\/\/welterbecard.de\/produkt\/24-stunden-welterbecard-digital\/#primaryimage"},"thumbnailUrl":"https:\/\/welterbecard.de\/wp-content\/uploads\/2019\/11\/WelterbeCard-24-Stunden-Card-Erwachsener-und-Kind.png","datePublished":"2021-10-06T16:05:36+00:00","dateModified":"2025-08-12T05:58:11+00:00","breadcrumb":{"@id":"https:\/\/welterbecard.de\/produkt\/24-stunden-welterbecard-digital\/#breadcrumb"},"inLanguage":"en-US","potentialAction":[{"@type":"ReadAction","target":["https:\/\/welterbecard.de\/produkt\/24-stunden-welterbecard-digital\/"]}]},{"@type":"ImageObject","inLanguage":"en-US","@id":"https:\/\/welterbecard.de\/produkt\/24-stunden-welterbecard-digital\/#primaryimage","url":"https:\/\/welterbecard.de\/wp-content\/uploads\/2019\/11\/WelterbeCard-24-Stunden-Card-Erwachsener-und-Kind.png","contentUrl":"https:\/\/welterbecard.de\/wp-content\/uploads\/2019\/11\/WelterbeCard-24-Stunden-Card-Erwachsener-und-Kind.png","width":1400,"height":1300,"caption":"WelterbeCard, 24-Stunden-Card Erwachsener und Kind"},{"@type":"BreadcrumbList","@id":"https:\/\/welterbecard.de\/produkt\/24-stunden-welterbecard-digital\/#breadcrumb","itemListElement":[{"@type":"ListItem","position":1,"name":"Startseite","item":"https:\/\/welterbecard.de\/"},{"@type":"ListItem","position":2,"name":"Shop","item":"https:\/\/welterbecard.de\/shop\/"},{"@type":"ListItem","position":3,"name":"Digitale 24 Stunden WelterbeCard"}]},{"@type":"WebSite","@id":"https:\/\/welterbecard.de\/#website","url":"https:\/\/welterbecard.de\/","name":"WelterbeCard - Anhalt-Dessau-Wittenberg","description":"Mit G\u00e4stekarte eine ganze Region entdecken","publisher":{"@id":"https:\/\/welterbecard.de\/#organization"},"potentialAction":[{"@type":"SearchAction","target":{"@type":"EntryPoint","urlTemplate":"https:\/\/welterbecard.de\/?s={search_term_string}"},"query-input":{"@type":"PropertyValueSpecification","valueRequired":true,"valueName":"search_term_string"}}],"inLanguage":"en-US"},{"@type":"Organization","@id":"https:\/\/welterbecard.de\/#organization","name":"WelterbeCard - Anhalt-Dessau-Wittenberg","url":"https:\/\/welterbecard.de\/","logo":{"@type":"ImageObject","inLanguage":"en-US","@id":"https:\/\/welterbecard.de\/#\/schema\/logo\/image\/","url":"https:\/\/welterbecard.de\/wp-content\/uploads\/2021\/02\/welterberegion-logo.svg","contentUrl":"https:\/\/welterbecard.de\/wp-content\/uploads\/2021\/02\/welterberegion-logo.svg","width":408,"height":149,"caption":"WelterbeCard - Anhalt-Dessau-Wittenberg"},"image":{"@id":"https:\/\/welterbecard.de\/#\/schema\/logo\/image\/"}}]}},"_links":{"self":[{"href":"https:\/\/welterbecard.de\/en\/wp-json\/wp\/v2\/product\/18969","targetHints":{"allow":["GET"]}}],"collection":[{"href":"https:\/\/welterbecard.de\/en\/wp-json\/wp\/v2\/product"}],"about":[{"href":"https:\/\/welterbecard.de\/en\/wp-json\/wp\/v2\/types\/product"}],"version-history":[{"count":10,"href":"https:\/\/welterbecard.de\/en\/wp-json\/wp\/v2\/product\/18969\/revisions"}],"predecessor-version":[{"id":27468,"href":"https:\/\/welterbecard.de\/en\/wp-json\/wp\/v2\/product\/18969\/revisions\/27468"}],"wp:featuredmedia":[{"embeddable":true,"href":"https:\/\/welterbecard.de\/en\/wp-json\/wp\/v2\/media\/27178"}],"wp:attachment":[{"href":"https:\/\/welterbecard.de\/en\/wp-json\/wp\/v2\/media?parent=18969"}],"wp:term":[{"taxonomy":"product_brand","embeddable":true,"href":"https:\/\/welterbecard.de\/en\/wp-json\/wp\/v2\/product_brand?post=18969"},{"taxonomy":"product_cat","embeddable":true,"href":"https:\/\/welterbecard.de\/en\/wp-json\/wp\/v2\/product_cat?post=18969"},{"taxonomy":"product_tag","embeddable":true,"href":"https:\/\/welterbecard.de\/en\/wp-json\/wp\/v2\/product_tag?post=18969"}],"curies":[{"name":"wp","href":"https:\/\/api.w.org\/{rel}","templated":true}]}}