{"id":23200,"date":"2023-10-02T12:06:20","date_gmt":"2023-10-02T10:06:20","guid":{"rendered":"https:\/\/welterbecard.de\/imprint\/"},"modified":"2026-01-12T09:24:53","modified_gmt":"2026-01-12T08:24:53","slug":"imprint","status":"publish","type":"page","link":"https:\/\/welterbecard.de\/en\/imprint\/","title":{"rendered":"Imprint"},"content":{"rendered":"\t\t<div data-elementor-type=\"wp-page\" data-elementor-id=\"23200\" class=\"elementor elementor-23200 elementor-400\" data-elementor-post-type=\"page\">\n\t\t\t\t\t\t<section class=\"has_eae_slider elementor-section elementor-top-section elementor-element elementor-element-2ea2ae50 elementor-section-full_width elementor-section-height-min-height elementor-section-height-default elementor-section-items-middle\" data-eae-slider=\"1157\" data-id=\"2ea2ae50\" data-element_type=\"section\" data-e-type=\"section\" data-settings=\"{&quot;background_background&quot;:&quot;classic&quot;}\">\n\t\t\t\t\t\t<div class=\"elementor-container elementor-column-gap-default\">\n\t\t\t\t\t<div class=\"has_eae_slider elementor-column elementor-col-100 elementor-top-column elementor-element elementor-element-37b5d118\" data-eae-slider=\"13661\" data-id=\"37b5d118\" data-element_type=\"column\" data-e-type=\"column\">\n\t\t\t<div class=\"elementor-widget-wrap\">\n\t\t\t\t\t\t\t<\/div>\n\t\t<\/div>\n\t\t\t\t\t<\/div>\n\t\t<\/section>\n\t\t\t\t<section class=\"has_eae_slider elementor-section elementor-top-section elementor-element elementor-element-f129b6f elementor-section-height-min-height elementor-section-full_width elementor-section-height-default elementor-section-items-middle\" data-eae-slider=\"75280\" data-id=\"f129b6f\" data-element_type=\"section\" data-e-type=\"section\" data-settings=\"{&quot;background_background&quot;:&quot;classic&quot;}\">\n\t\t\t\t\t\t<div class=\"elementor-container elementor-column-gap-default\">\n\t\t\t\t\t<div class=\"has_eae_slider elementor-column elementor-col-100 elementor-top-column elementor-element elementor-element-e474e5e\" data-eae-slider=\"31088\" data-id=\"e474e5e\" data-element_type=\"column\" data-e-type=\"column\">\n\t\t\t<div class=\"elementor-widget-wrap\">\n\t\t\t\t\t\t\t<\/div>\n\t\t<\/div>\n\t\t\t\t\t<\/div>\n\t\t<\/section>\n\t\t\t\t<section class=\"has_eae_slider elementor-section elementor-top-section elementor-element elementor-element-89587f4 elementor-section-boxed elementor-section-height-default elementor-section-height-default\" data-eae-slider=\"76864\" data-id=\"89587f4\" data-element_type=\"section\" data-e-type=\"section\">\n\t\t\t\t\t\t<div class=\"elementor-container elementor-column-gap-default\">\n\t\t\t\t\t<div class=\"has_eae_slider elementor-column elementor-col-100 elementor-top-column elementor-element elementor-element-766fd44\" data-eae-slider=\"88255\" data-id=\"766fd44\" data-element_type=\"column\" data-e-type=\"column\">\n\t\t\t<div class=\"elementor-widget-wrap elementor-element-populated\">\n\t\t\t\t\t\t<div class=\"elementor-element elementor-element-cf7dbc6 elementor-widget elementor-widget-text-editor\" data-id=\"cf7dbc6\" data-element_type=\"widget\" data-e-type=\"widget\" data-widget_type=\"text-editor.default\">\n\t\t\t\t<div class=\"elementor-widget-container\">\n\t\t\t\t\t\t\t\t\t<div class=\"page-header\"><h2>Imprint<\/h2><\/div><div><p><span style=\"font-size: 17px; font-style: normal; font-weight: bold;\">World Heritage Region<\/span><strong>\u00a0<\/strong><strong>Anhalt-Dessau-Wittenberg e.V.<\/strong><br \/>Neustra\u00dfe 13<br \/>06886 Lutherstadt Wittenberg<\/p><p>VAT identification number in accordance with Section 27a of the Value Added Tax Act:<br \/>DE227305318<\/p><p>Phone: 0049 3491-402610<br \/>Fax: 03491-405857<\/p><p><span id=\"cloak1ef7b74763e9861b89f3e1a3c1f26982\"><a href=\"mailto:info@anhalt-dessau-wittenberg.de\">info@anhalt-dessau-wittenberg.de<\/a><\/span><br \/><a href=\"http:\/\/www.anhalt-dessau-wittenberg.de\/\">www.anhalt-dessau-wittenberg.de<\/a><\/p><p>Responsible for content according to \u00a7 10 paragraph 3 MDStV<br \/><strong>Managing Director:\u00a0<\/strong>Anika Kinnemann<br \/><strong>Chairman of the Board:<\/strong> Sepp M\u00fcller<\/p><p><strong><br \/>World Heritage Region Anhalt-Dessau-Wittenberg e.V.<\/strong><br \/>Dessau-Ro\u00dflau office<\/p><p>(in the tourist information)<br \/>Ratsgasse 11<br \/>06844 Dessau-Ro\u00dflau<\/p><p>Phone: 0340-882920 00<br \/><span style=\"font-size: 17px; font-style: normal; font-weight: 400;\">Fax: 0340-882920 98<\/span><br \/><a href=\"mailto:Sebastian.Birke@anhalt-dessau-wittenberg.de\">sebastian.birke@anhalt-dessau-wittenberg.de<\/a><br \/><a title=\"Anhalt Dessau Wittenberg\" href=\"http:\/\/www.anhalt-dessau-wittenberg.de\/\" target=\"_blank\" rel=\"noopener noreferrer\">www.anhalt-dessau-wittenberg.de<\/a><\/p><p><strong><br \/>World Heritage Region Anhalt-Dessau-Wittenberg e.V.<\/strong><br \/>Bitterfeld-Wolfen office<\/p><p>(in the tourist information)<br \/>Markt 7<br \/>06749 Bitterfeld-Wolfen<\/p><p>Phone: 03493-341 810<br \/><span style=\"font-size: 17px; font-style: normal; font-weight: 400;\">Fax: 03493-341 802<\/span><br \/><span id=\"cloak88141b124012c8ec05d78f2cf82c50fe\"><a href=\"mailto:niklas.haake@anhalt-dessau-wittenberg.de\">niklas.haake@anhalt-dessau-wittenberg.de<\/a><br \/><\/span><a title=\"Anhalt Dessau Wittenberg\" href=\"http:\/\/www.anhalt-dessau-wittenberg.de\/\" target=\"_blank\" rel=\"noopener noreferrer\">www.anhalt-dessau-wittenberg.de<\/a><\/p><p>VAT identification number in accordance with Section 27a of the Value Added Tax Act:<br \/>DE227305318<\/p><p><strong>Technical implementation and design of the homepage:<\/strong><\/p><p>Trendkomm &#8211; A <a href=\"http:\/\/goalize.media\/\">GOALIZE<\/a> Partner<br \/><strong>Tim Schneider<\/strong><br \/>SEO \/ Online Marketing \/ Web Consultatnt<br \/>Thulestr. 21<br \/>13189 Berlin<\/p><p>Phone: 030-24 531 491<br \/><a href=\"mailto:info@trendkomm.de\">info@trendkomm.de<\/a><br \/><a href=\"https:\/\/trendkomm.de\/\">www.trendkomm.de<\/a><\/p><hr \/><h2>Online dispute resolution pursuant to Art. 14 para. 1 ODR REGULATION\u00a0\u00a0<\/h2><div>The European Commission provides a platform for online dispute resolution (OS), which can be found at:\u00a0<a href=\"http:\/\/ec.europa.eu\/consumers\/odr\/\" target=\"_blank\" rel=\"noopener noreferrer\">http:\/\/ec.europa.eu\/consumers\/odr\/<\/a>.<\/div><hr \/><h2>Disclaimer<\/h2><h3>Content of the online offer<\/h3><p>The contents of this website are researched and implemented with the greatest possible care. Nevertheless, errors in the processing procedure cannot be ruled out. Please send comments and corrections to the press office.<br \/>The publisher accepts no responsibility for the topicality, correctness, completeness or quality of the information provided.<\/p><p>Liability claims against the publisher, which refer to damages of material or immaterial nature caused by use or disuse of the information or the use of incorrect or incomplete information are excluded, unless the publisher is not intentional or grossly negligent fault.<\/p><p>All offers are subject to change and non-binding. The publisher expressly reserves the right to change, supplement or delete parts of the pages or the entire offer without prior notice or to cease publication temporarily or permanently.<\/p><h3>References and links<\/h3><p>The publisher is not responsible for any contents linked or referred to from his pages &#8211; unless he has full knowledge of illegal contents and would be able to prevent the visitors of his site fromviewing those pages.<\/p><p>The publisher hereby expressly declares that at the time the links were created, no illegal content was identifiable on the linked pages. The publisher has no influence on the current and future design, content or authorship of the linked pages. Therefore, he hereby expressly dissociates himself from all contents of all linked pages that were changed after the link was set.<\/p><p>This statement applies to all links and references set within the own Internet offer as well as to external entries in guest books, discussion forums, link directories, mailing lists set up by the author and in all other forms of databases to whose content external write access is possible.<\/p><p>For illegal, incorrect or incomplete contents and especially for damages resulting from the use or non-use of such information, only the provider of the linked page is liable, not the one who has linked to the respective publication.<\/p><h3>Copyright and trademark law<\/h3><p>The publisher endeavors to observe the copyrights of the images, graphics, sound and video documents as well as texts used in all publications, to use images, graphics, sound and video documents as well as texts created by himself or to use license-free graphics, sound and video documents as well as texts. All brands and trademarks mentioned within the Internet offer and possibly protected by third parties are subject without limitation to the provisions of the applicable trademark law and the ownership rights of the copyright owner. The mere mention of a trademark does not mean that it is not protected by the rights of third parties! The copyright for published content and objects created by the publisher himself remains solely with the publisher of the pages.<\/p><p>Any duplication, processing, storage or use of objects such as diagrams, sounds or texts in other electronic or printed publications is not permitted without the author&#8217;s agreement. This does not affect copying and downloading for private, scientific and non-commercial use. We expressly permit and welcome the citation of our documents and web pages as well as the setting of links to our website.<\/p><h3>Image rights<\/h3><ol><li>Home page, tour pages Dessau and home page travel blog<br \/><strong>Stadtmarketinggesellschaft Dessau-Ro\u00dflau mbhCOGGYFelix<\/strong><\/li><li>Home,Tours Zerbst, K\u00f6then, Bitterfeld-Wolfen<br \/><strong>County of Anhalt-Bitterfeld, Heiko Rebsch<br \/><\/strong><\/li><li>Tour page Bernburg (Saale), Imprint, Privacy policy, AGB<br \/><strong>Bernburger Freizeit GmbH, Ingo Gottlieb<br \/><\/strong><\/li><li>Tour page Oranienbaum-W\u00f6rlitz, Luther | Bauhaus | Garden Kingdom and Garden Kingdom Dessau-W\u00f6rlitz as well as homepage<br \/><strong>Cultural Foundation Dessau-W\u00f6rlitz, Heinz Fr\u00e4\u00dfdorf<br \/><\/strong><\/li><li>Home, Tours K\u00f6then and Anhalt<br \/><strong>K\u00f6then Culture and Marketing GmbH, Christian Ratzel<\/strong><\/li><li>Tours Lutherstadt Wittenberg and Luther &amp; Reformation<br \/><strong>Lutherstadt Wittenberg Marketing GmbH, R\u00fcdiger Eichhorn<\/strong><\/li><li>Home, Industrial Culture Tour<br \/><strong>Ferropolis GmbH and Andreas Baumbach<\/strong><\/li><li>Tour 24 hours nature lovers<br \/><strong>Thomas Klitzsch<\/strong><\/li><li>Home page Tours, Tour D\u00fcbener Heide, Dessau-Ro\u00dflau, Bernburg <br \/><strong>Uwe Weigel<\/strong><\/li><li>Home page Tours<br \/><strong>Lothar Matthes<\/strong><\/li><\/ol><\/div>\t\t\t\t\t\t\t\t<\/div>\n\t\t\t\t<\/div>\n\t\t\t\t\t<\/div>\n\t\t<\/div>\n\t\t\t\t\t<\/div>\n\t\t<\/section>\n\t\t\t\t<section class=\"has_eae_slider elementor-section elementor-top-section elementor-element elementor-element-d0dcb75 elementor-section-height-min-height elementor-section-full_width elementor-section-height-default elementor-section-items-middle\" data-eae-slider=\"55893\" data-id=\"d0dcb75\" data-element_type=\"section\" data-e-type=\"section\" data-settings=\"{&quot;background_background&quot;:&quot;classic&quot;}\">\n\t\t\t\t\t\t<div class=\"elementor-container elementor-column-gap-default\">\n\t\t\t\t\t<div class=\"has_eae_slider elementor-column elementor-col-100 elementor-top-column elementor-element elementor-element-f979607\" data-eae-slider=\"52045\" data-id=\"f979607\" data-element_type=\"column\" data-e-type=\"column\">\n\t\t\t<div class=\"elementor-widget-wrap\">\n\t\t\t\t\t\t\t<\/div>\n\t\t<\/div>\n\t\t\t\t\t<\/div>\n\t\t<\/section>\n\t\t\t\t<\/div>\n\t\t","protected":false},"excerpt":{"rendered":"<p>Imprint World Heritage Region\u00a0Anhalt-Dessau-Wittenberg e.V.Neustra\u00dfe 1306886 Lutherstadt Wittenberg VAT identification number in accordance with Section 27a of the Value Added Tax Act:DE227305318 Phone: 0049 3491-402610Fax: 03491-405857 info@anhalt-dessau-wittenberg.dewww.anhalt-dessau-wittenberg.de Responsible for content according to \u00a7 10 paragraph 3 MDStVManaging Director:\u00a0Anika KinnemannChairman of the Board: Sepp M\u00fcller World Heritage Region Anhalt-Dessau-Wittenberg e.V.Dessau-Ro\u00dflau office (in the tourist information)Ratsgasse 1106844 [&hellip;]<\/p>\n","protected":false},"author":1,"featured_media":0,"parent":0,"menu_order":0,"comment_status":"closed","ping_status":"closed","template":"","meta":{"site-sidebar-layout":"no-sidebar","site-content-layout":"page-builder","ast-site-content-layout":"default","site-content-style":"default","site-sidebar-style":"default","ast-global-header-display":"","ast-banner-title-visibility":"","ast-main-header-display":"","ast-hfb-above-header-display":"","ast-hfb-below-header-display":"","ast-hfb-mobile-header-display":"","site-post-title":"disabled","ast-breadcrumbs-content":"","ast-featured-img":"disabled","footer-sml-layout":"","ast-disable-related-posts":"","theme-transparent-header-meta":"enabled","adv-header-id-meta":"","stick-header-meta":"default","header-above-stick-meta":"","header-main-stick-meta":"","header-below-stick-meta":"","astra-migrate-meta-layouts":"default","ast-page-background-enabled":"default","ast-page-background-meta":{"desktop":{"background-color":"","background-image":"","background-repeat":"repeat","background-position":"center center","background-size":"auto","background-attachment":"scroll","background-type":"","background-media":"","overlay-type":"","overlay-color":"","overlay-opacity":"","overlay-gradient":""},"tablet":{"background-color":"","background-image":"","background-repeat":"repeat","background-position":"center center","background-size":"auto","background-attachment":"scroll","background-type":"","background-media":"","overlay-type":"","overlay-color":"","overlay-opacity":"","overlay-gradient":""},"mobile":{"background-color":"","background-image":"","background-repeat":"repeat","background-position":"center center","background-size":"auto","background-attachment":"scroll","background-type":"","background-media":"","overlay-type":"","overlay-color":"","overlay-opacity":"","overlay-gradient":""}},"ast-content-background-meta":{"desktop":{"background-color":"var(--ast-global-color-5)","background-image":"","background-repeat":"repeat","background-position":"center center","background-size":"auto","background-attachment":"scroll","background-type":"","background-media":"","overlay-type":"","overlay-color":"","overlay-opacity":"","overlay-gradient":""},"tablet":{"background-color":"var(--ast-global-color-5)","background-image":"","background-repeat":"repeat","background-position":"center center","background-size":"auto","background-attachment":"scroll","background-type":"","background-media":"","overlay-type":"","overlay-color":"","overlay-opacity":"","overlay-gradient":""},"mobile":{"background-color":"var(--ast-global-color-5)","background-image":"","background-repeat":"repeat","background-position":"center center","background-size":"auto","background-attachment":"scroll","background-type":"","background-media":"","overlay-type":"","overlay-color":"","overlay-opacity":"","overlay-gradient":""}},"footnotes":""},"class_list":["post-23200","page","type-page","status-publish","hentry"],"yoast_head":"<!-- This site is optimized with the Yoast SEO plugin v27.4 - https:\/\/yoast.com\/product\/yoast-seo-wordpress\/ -->\n<title>Imprint - WelterbeCard - Anhalt-Dessau-Wittenberg<\/title>\n<meta name=\"robots\" content=\"index, follow, max-snippet:-1, max-image-preview:large, max-video-preview:-1\" \/>\n<link rel=\"canonical\" href=\"https:\/\/welterbecard.de\/en\/imprint\/\" \/>\n<meta property=\"og:locale\" content=\"en_US\" \/>\n<meta property=\"og:type\" content=\"article\" \/>\n<meta property=\"og:title\" content=\"Imprint - WelterbeCard - Anhalt-Dessau-Wittenberg\" \/>\n<meta property=\"og:description\" content=\"Imprint World Heritage Region\u00a0Anhalt-Dessau-Wittenberg e.V.Neustra\u00dfe 1306886 Lutherstadt Wittenberg VAT identification number in accordance with Section 27a of the Value Added Tax Act:DE227305318 Phone: 0049 3491-402610Fax: 03491-405857 info@anhalt-dessau-wittenberg.dewww.anhalt-dessau-wittenberg.de Responsible for content according to \u00a7 10 paragraph 3 MDStVManaging Director:\u00a0Anika KinnemannChairman of the Board: Sepp M\u00fcller World Heritage Region Anhalt-Dessau-Wittenberg e.V.Dessau-Ro\u00dflau office (in the tourist information)Ratsgasse 1106844 [&hellip;]\" \/>\n<meta property=\"og:url\" content=\"https:\/\/welterbecard.de\/en\/imprint\/\" \/>\n<meta property=\"og:site_name\" content=\"WelterbeCard - Anhalt-Dessau-Wittenberg\" \/>\n<meta property=\"article:modified_time\" content=\"2026-01-12T08:24:53+00:00\" \/>\n<meta name=\"twitter:card\" content=\"summary_large_image\" \/>\n<meta name=\"twitter:label1\" content=\"Est. reading time\" \/>\n\t<meta name=\"twitter:data1\" content=\"4 minutes\" \/>\n<script type=\"application\/ld+json\" class=\"yoast-schema-graph\">{\"@context\":\"https:\\\/\\\/schema.org\",\"@graph\":[{\"@type\":\"WebPage\",\"@id\":\"https:\\\/\\\/welterbecard.de\\\/en\\\/imprint\\\/\",\"url\":\"https:\\\/\\\/welterbecard.de\\\/en\\\/imprint\\\/\",\"name\":\"Imprint - WelterbeCard - Anhalt-Dessau-Wittenberg\",\"isPartOf\":{\"@id\":\"https:\\\/\\\/welterbecard.de\\\/#website\"},\"datePublished\":\"2023-10-02T10:06:20+00:00\",\"dateModified\":\"2026-01-12T08:24:53+00:00\",\"breadcrumb\":{\"@id\":\"https:\\\/\\\/welterbecard.de\\\/en\\\/imprint\\\/#breadcrumb\"},\"inLanguage\":\"en-US\",\"potentialAction\":[{\"@type\":\"ReadAction\",\"target\":[\"https:\\\/\\\/welterbecard.de\\\/en\\\/imprint\\\/\"]}]},{\"@type\":\"BreadcrumbList\",\"@id\":\"https:\\\/\\\/welterbecard.de\\\/en\\\/imprint\\\/#breadcrumb\",\"itemListElement\":[{\"@type\":\"ListItem\",\"position\":1,\"name\":\"Startseite\",\"item\":\"https:\\\/\\\/welterbecard.de\\\/\"},{\"@type\":\"ListItem\",\"position\":2,\"name\":\"Imprint\"}]},{\"@type\":\"WebSite\",\"@id\":\"https:\\\/\\\/welterbecard.de\\\/#website\",\"url\":\"https:\\\/\\\/welterbecard.de\\\/\",\"name\":\"WelterbeCard - Anhalt-Dessau-Wittenberg\",\"description\":\"Mit G\u00e4stekarte eine ganze Region entdecken\",\"publisher\":{\"@id\":\"https:\\\/\\\/welterbecard.de\\\/#organization\"},\"potentialAction\":[{\"@type\":\"SearchAction\",\"target\":{\"@type\":\"EntryPoint\",\"urlTemplate\":\"https:\\\/\\\/welterbecard.de\\\/?s={search_term_string}\"},\"query-input\":{\"@type\":\"PropertyValueSpecification\",\"valueRequired\":true,\"valueName\":\"search_term_string\"}}],\"inLanguage\":\"en-US\"},{\"@type\":\"Organization\",\"@id\":\"https:\\\/\\\/welterbecard.de\\\/#organization\",\"name\":\"WelterbeCard - Anhalt-Dessau-Wittenberg\",\"url\":\"https:\\\/\\\/welterbecard.de\\\/\",\"logo\":{\"@type\":\"ImageObject\",\"inLanguage\":\"en-US\",\"@id\":\"https:\\\/\\\/welterbecard.de\\\/#\\\/schema\\\/logo\\\/image\\\/\",\"url\":\"https:\\\/\\\/welterbecard.de\\\/wp-content\\\/uploads\\\/2021\\\/02\\\/welterberegion-logo.svg\",\"contentUrl\":\"https:\\\/\\\/welterbecard.de\\\/wp-content\\\/uploads\\\/2021\\\/02\\\/welterberegion-logo.svg\",\"width\":408,\"height\":149,\"caption\":\"WelterbeCard - Anhalt-Dessau-Wittenberg\"},\"image\":{\"@id\":\"https:\\\/\\\/welterbecard.de\\\/#\\\/schema\\\/logo\\\/image\\\/\"}}]}<\/script>\n<!-- \/ Yoast SEO plugin. -->","yoast_head_json":{"title":"Imprint - WelterbeCard - Anhalt-Dessau-Wittenberg","robots":{"index":"index","follow":"follow","max-snippet":"max-snippet:-1","max-image-preview":"max-image-preview:large","max-video-preview":"max-video-preview:-1"},"canonical":"https:\/\/welterbecard.de\/en\/imprint\/","og_locale":"en_US","og_type":"article","og_title":"Imprint - WelterbeCard - Anhalt-Dessau-Wittenberg","og_description":"Imprint World Heritage Region\u00a0Anhalt-Dessau-Wittenberg e.V.Neustra\u00dfe 1306886 Lutherstadt Wittenberg VAT identification number in accordance with Section 27a of the Value Added Tax Act:DE227305318 Phone: 0049 3491-402610Fax: 03491-405857 info@anhalt-dessau-wittenberg.dewww.anhalt-dessau-wittenberg.de Responsible for content according to \u00a7 10 paragraph 3 MDStVManaging Director:\u00a0Anika KinnemannChairman of the Board: Sepp M\u00fcller World Heritage Region Anhalt-Dessau-Wittenberg e.V.Dessau-Ro\u00dflau office (in the tourist information)Ratsgasse 1106844 [&hellip;]","og_url":"https:\/\/welterbecard.de\/en\/imprint\/","og_site_name":"WelterbeCard - Anhalt-Dessau-Wittenberg","article_modified_time":"2026-01-12T08:24:53+00:00","twitter_card":"summary_large_image","twitter_misc":{"Est. reading time":"4 minutes"},"schema":{"@context":"https:\/\/schema.org","@graph":[{"@type":"WebPage","@id":"https:\/\/welterbecard.de\/en\/imprint\/","url":"https:\/\/welterbecard.de\/en\/imprint\/","name":"Imprint - WelterbeCard - Anhalt-Dessau-Wittenberg","isPartOf":{"@id":"https:\/\/welterbecard.de\/#website"},"datePublished":"2023-10-02T10:06:20+00:00","dateModified":"2026-01-12T08:24:53+00:00","breadcrumb":{"@id":"https:\/\/welterbecard.de\/en\/imprint\/#breadcrumb"},"inLanguage":"en-US","potentialAction":[{"@type":"ReadAction","target":["https:\/\/welterbecard.de\/en\/imprint\/"]}]},{"@type":"BreadcrumbList","@id":"https:\/\/welterbecard.de\/en\/imprint\/#breadcrumb","itemListElement":[{"@type":"ListItem","position":1,"name":"Startseite","item":"https:\/\/welterbecard.de\/"},{"@type":"ListItem","position":2,"name":"Imprint"}]},{"@type":"WebSite","@id":"https:\/\/welterbecard.de\/#website","url":"https:\/\/welterbecard.de\/","name":"WelterbeCard - Anhalt-Dessau-Wittenberg","description":"Mit G\u00e4stekarte eine ganze Region entdecken","publisher":{"@id":"https:\/\/welterbecard.de\/#organization"},"potentialAction":[{"@type":"SearchAction","target":{"@type":"EntryPoint","urlTemplate":"https:\/\/welterbecard.de\/?s={search_term_string}"},"query-input":{"@type":"PropertyValueSpecification","valueRequired":true,"valueName":"search_term_string"}}],"inLanguage":"en-US"},{"@type":"Organization","@id":"https:\/\/welterbecard.de\/#organization","name":"WelterbeCard - Anhalt-Dessau-Wittenberg","url":"https:\/\/welterbecard.de\/","logo":{"@type":"ImageObject","inLanguage":"en-US","@id":"https:\/\/welterbecard.de\/#\/schema\/logo\/image\/","url":"https:\/\/welterbecard.de\/wp-content\/uploads\/2021\/02\/welterberegion-logo.svg","contentUrl":"https:\/\/welterbecard.de\/wp-content\/uploads\/2021\/02\/welterberegion-logo.svg","width":408,"height":149,"caption":"WelterbeCard - Anhalt-Dessau-Wittenberg"},"image":{"@id":"https:\/\/welterbecard.de\/#\/schema\/logo\/image\/"}}]}},"_links":{"self":[{"href":"https:\/\/welterbecard.de\/en\/wp-json\/wp\/v2\/pages\/23200","targetHints":{"allow":["GET"]}}],"collection":[{"href":"https:\/\/welterbecard.de\/en\/wp-json\/wp\/v2\/pages"}],"about":[{"href":"https:\/\/welterbecard.de\/en\/wp-json\/wp\/v2\/types\/page"}],"author":[{"embeddable":true,"href":"https:\/\/welterbecard.de\/en\/wp-json\/wp\/v2\/users\/1"}],"replies":[{"embeddable":true,"href":"https:\/\/welterbecard.de\/en\/wp-json\/wp\/v2\/comments?post=23200"}],"version-history":[{"count":25,"href":"https:\/\/welterbecard.de\/en\/wp-json\/wp\/v2\/pages\/23200\/revisions"}],"predecessor-version":[{"id":27826,"href":"https:\/\/welterbecard.de\/en\/wp-json\/wp\/v2\/pages\/23200\/revisions\/27826"}],"wp:attachment":[{"href":"https:\/\/welterbecard.de\/en\/wp-json\/wp\/v2\/media?parent=23200"}],"curies":[{"name":"wp","href":"https:\/\/api.w.org\/{rel}","templated":true}]}}